{"id":319,"date":"2023-03-14T14:28:00","date_gmt":"2023-03-14T14:28:00","guid":{"rendered":"https:\/\/cozystay.loftocean.com\/island-resort\/?page_id=319"},"modified":"2026-04-02T10:47:18","modified_gmt":"2026-04-02T10:47:18","slug":"local-activities","status":"publish","type":"page","link":"http:\/\/gharelmelhoutdoors.tn\/en\/local-activities\/","title":{"rendered":"Activit\u00e9s locales"},"content":{"rendered":"<div data-elementor-type=\"wp-page\" data-elementor-id=\"319\" class=\"elementor elementor-319\">\n\t\t\t\t\t\t<section class=\"elementor-section elementor-top-section elementor-element elementor-element-88c3937 elementor-section-height-min-height cs-section-content-fullwidth cs-parallax-on-scroll cs_scroll_y_100 elementor-section-boxed elementor-section-height-default elementor-section-items-middle\" data-id=\"88c3937\" data-element_type=\"section\" data-e-type=\"section\" data-settings=\"{&quot;background_background&quot;:&quot;classic&quot;}\" data-cs-parallax-y=\"100\" style=\"background-image: none;\" data-cs-background-image=\"http:\/\/gharelmelhoutdoors.tn\/wp-content\/uploads\/2026\/03\/yoga.jpg\" data-cs-background-image-alt-text=\"\">\n\t\t\t\t\t\t\t<div class=\"elementor-background-overlay\"><\/div>\n\t\t\t\t\t\t\t<div class=\"elementor-container elementor-column-gap-no\">\n\t\t\t\t\t<div class=\"elementor-column elementor-col-100 elementor-top-column elementor-element elementor-element-140c3f8 dark-color\" data-id=\"140c3f8\" data-element_type=\"column\" data-e-type=\"column\">\n\t\t\t<div class=\"elementor-widget-wrap elementor-element-populated\">\n\t\t\t\t\t\t<div class=\"elementor-element elementor-element-73543ac elementor-widget elementor-widget-cs_title\" data-id=\"73543ac\" data-element_type=\"widget\" data-e-type=\"widget\" data-widget_type=\"cs_title.default\">\n\t\t\t\t<div class=\"elementor-widget-container\">\n\t\t\t\t\t\n        <div class=\"cs-title-wrap text-center\">\t            <div class=\"cs-subtitle-wrap\"><span class=\"cs-subtitle color-white\">Que faire \u00e0 Ghar El Melh outdoors?<\/span><\/div>\t            <h1 class=\"cs-title\">\n\t                Activit\u00e9s locales\t            <\/h1>\t            <div class=\"cs-title-text\">\n\t                <p>Un v\u00e9ritable terrain d\u2019aventure pour les amoureux de la nature. Randonn\u00e9es, tyrolienne, tir \u00e0 l\u2019arc, baignade, activit\u00e9s sportives et d\u00e9couverte des paysages naturels et des villages de Ghar El Melh.<\/p>\t            <\/div>        <\/div>\t\t\t\t<\/div>\n\t\t\t\t<\/div>\n\t\t\t\t\t<\/div>\n\t\t<\/div>\n\t\t\t\t\t<\/div>\n\t\t<\/section>\n\t\t\t\t<section class=\"elementor-section elementor-top-section elementor-element elementor-element-4da1094 animated-fast cs-animation-small-offset elementor-section-boxed elementor-section-height-default elementor-section-height-default elementor-invisible\" data-id=\"4da1094\" data-element_type=\"section\" data-e-type=\"section\" data-settings=\"{&quot;animation&quot;:&quot;fadeInUp&quot;,&quot;animation_delay&quot;:200}\">\n\t\t\t\t\t\t<div class=\"elementor-container elementor-column-gap-no\">\n\t\t\t\t\t<div class=\"elementor-column elementor-col-33 elementor-top-column elementor-element elementor-element-5c56fe6\" data-id=\"5c56fe6\" data-element_type=\"column\" data-e-type=\"column\">\n\t\t\t<div class=\"elementor-widget-wrap elementor-element-populated\">\n\t\t\t\t\t\t<div class=\"elementor-element elementor-element-72c3a75 elementor-widget elementor-widget-cs_call_to_action\" data-id=\"72c3a75\" data-element_type=\"widget\" data-e-type=\"widget\" data-settings=\"{&quot;overlay_background&quot;:&quot;gradient&quot;}\" data-widget_type=\"cs_call_to_action.default\">\n\t\t\t\t<div class=\"elementor-widget-container\">\n\t\t\t\t\t\n\t\t<div class=\"cs-cta cta-layout-text-overlap content-bottom with-inner-border dark-color text-center cta-hover-img-zoom\">\n            <div class=\"cs-cta-wrap\">\t\t               \t<div class=\"cs-cta-img\">\n\t\t                    <img fetchpriority=\"high\" decoding=\"async\" width=\"550\" height=\"781\" src=\"http:\/\/gharelmelhoutdoors.tn\/wp-content\/uploads\/2026\/03\/Design-sans-titre-6-550x781.jpg\" class=\"attachment-cozystay_550x9999 size-cozystay_550x9999 wp-image-2597\" alt=\"\" srcset=\"http:\/\/gharelmelhoutdoors.tn\/wp-content\/uploads\/2026\/03\/Design-sans-titre-6-550x781.jpg 550w, http:\/\/gharelmelhoutdoors.tn\/wp-content\/uploads\/2026\/03\/Design-sans-titre-6-211x300.jpg 211w, http:\/\/gharelmelhoutdoors.tn\/wp-content\/uploads\/2026\/03\/Design-sans-titre-6-721x1024.jpg 721w, http:\/\/gharelmelhoutdoors.tn\/wp-content\/uploads\/2026\/03\/Design-sans-titre-6-768x1091.jpg 768w, http:\/\/gharelmelhoutdoors.tn\/wp-content\/uploads\/2026\/03\/Design-sans-titre-6-780x1108.jpg 780w, http:\/\/gharelmelhoutdoors.tn\/wp-content\/uploads\/2026\/03\/Design-sans-titre-6-600x852.jpg 600w, http:\/\/gharelmelhoutdoors.tn\/wp-content\/uploads\/2026\/03\/Design-sans-titre-6-370x525.jpg 370w, http:\/\/gharelmelhoutdoors.tn\/wp-content\/uploads\/2026\/03\/Design-sans-titre-6-255x362.jpg 255w, http:\/\/gharelmelhoutdoors.tn\/wp-content\/uploads\/2026\/03\/Design-sans-titre-6-106x150.jpg 106w, http:\/\/gharelmelhoutdoors.tn\/wp-content\/uploads\/2026\/03\/Design-sans-titre-6.jpg 800w\" sizes=\"(max-width: 550px) 100vw, 550px\" \/>\t\t                <\/div>                <div class=\"cs-cta-overlay\"><\/div>\n                <div class=\"cs-cta-content\">\t\t\t\t\t<div class=\"cs-subtitle-wrap\"><span class=\"cs-subtitle color-white\">D\u00e9couverte<\/span><\/div>\t\t            <h6 class=\"cs-cta-title cs-title\">\n\t\t                Soir\u00e9e feu de camp\t\t            <\/h6>\t\t\t<\/div>            <\/div>\n        <\/div>\t\t\t\t<\/div>\n\t\t\t\t<\/div>\n\t\t\t\t\t<\/div>\n\t\t<\/div>\n\t\t\t\t<div class=\"elementor-column elementor-col-33 elementor-top-column elementor-element elementor-element-23f6077\" data-id=\"23f6077\" data-element_type=\"column\" data-e-type=\"column\">\n\t\t\t<div class=\"elementor-widget-wrap elementor-element-populated\">\n\t\t\t\t\t\t<div class=\"elementor-element elementor-element-fa7fb5a elementor-widget elementor-widget-cs_call_to_action\" data-id=\"fa7fb5a\" data-element_type=\"widget\" data-e-type=\"widget\" data-settings=\"{&quot;overlay_background&quot;:&quot;gradient&quot;}\" data-widget_type=\"cs_call_to_action.default\">\n\t\t\t\t<div class=\"elementor-widget-container\">\n\t\t\t\t\t\n\t\t<div class=\"cs-cta cta-layout-text-overlap content-bottom with-inner-border dark-color text-center cta-hover-img-zoom\">\n            <div class=\"cs-cta-wrap\">\t\t               \t<div class=\"cs-cta-img\">\n\t\t                    <img decoding=\"async\" width=\"550\" height=\"781\" src=\"http:\/\/gharelmelhoutdoors.tn\/wp-content\/uploads\/2026\/03\/randonnee-550x781.jpg\" class=\"attachment-cozystay_550x9999 size-cozystay_550x9999 wp-image-2596\" alt=\"\" srcset=\"http:\/\/gharelmelhoutdoors.tn\/wp-content\/uploads\/2026\/03\/randonnee-550x781.jpg 550w, http:\/\/gharelmelhoutdoors.tn\/wp-content\/uploads\/2026\/03\/randonnee-211x300.jpg 211w, http:\/\/gharelmelhoutdoors.tn\/wp-content\/uploads\/2026\/03\/randonnee-721x1024.jpg 721w, http:\/\/gharelmelhoutdoors.tn\/wp-content\/uploads\/2026\/03\/randonnee-768x1091.jpg 768w, http:\/\/gharelmelhoutdoors.tn\/wp-content\/uploads\/2026\/03\/randonnee-780x1108.jpg 780w, http:\/\/gharelmelhoutdoors.tn\/wp-content\/uploads\/2026\/03\/randonnee-600x852.jpg 600w, http:\/\/gharelmelhoutdoors.tn\/wp-content\/uploads\/2026\/03\/randonnee-370x525.jpg 370w, http:\/\/gharelmelhoutdoors.tn\/wp-content\/uploads\/2026\/03\/randonnee-255x362.jpg 255w, http:\/\/gharelmelhoutdoors.tn\/wp-content\/uploads\/2026\/03\/randonnee-106x150.jpg 106w, http:\/\/gharelmelhoutdoors.tn\/wp-content\/uploads\/2026\/03\/randonnee.jpg 800w\" sizes=\"(max-width: 550px) 100vw, 550px\" \/>\t\t                <\/div>                <div class=\"cs-cta-overlay\"><\/div>\n                <div class=\"cs-cta-content\">\t\t\t\t\t<div class=\"cs-subtitle-wrap\"><span class=\"cs-subtitle color-white\">sport<\/span><\/div>\t\t            <h6 class=\"cs-cta-title cs-title\">\n\t\t                Randonn\u00e9e\t\t            <\/h6>\t\t\t<\/div>            <\/div>\n        <\/div>\t\t\t\t<\/div>\n\t\t\t\t<\/div>\n\t\t\t\t\t<\/div>\n\t\t<\/div>\n\t\t\t\t<div class=\"elementor-column elementor-col-33 elementor-top-column elementor-element elementor-element-8cf0ed1\" data-id=\"8cf0ed1\" data-element_type=\"column\" data-e-type=\"column\">\n\t\t\t<div class=\"elementor-widget-wrap elementor-element-populated\">\n\t\t\t\t\t\t<div class=\"elementor-element elementor-element-1ec8c83 elementor-widget elementor-widget-cs_call_to_action\" data-id=\"1ec8c83\" data-element_type=\"widget\" data-e-type=\"widget\" data-settings=\"{&quot;overlay_background&quot;:&quot;gradient&quot;}\" data-widget_type=\"cs_call_to_action.default\">\n\t\t\t\t<div class=\"elementor-widget-container\">\n\t\t\t\t\t\n\t\t<div class=\"cs-cta cta-layout-text-overlap content-bottom with-inner-border dark-color text-center cta-hover-img-zoom\">\n            <div class=\"cs-cta-wrap\">\t\t               \t<div class=\"cs-cta-img\">\n\t\t                    <img decoding=\"async\" width=\"550\" height=\"781\" src=\"http:\/\/gharelmelhoutdoors.tn\/wp-content\/uploads\/2026\/03\/Tire-a-larc-550x781.jpg\" class=\"attachment-cozystay_550x9999 size-cozystay_550x9999 wp-image-2595\" alt=\"\" srcset=\"http:\/\/gharelmelhoutdoors.tn\/wp-content\/uploads\/2026\/03\/Tire-a-larc-550x781.jpg 550w, http:\/\/gharelmelhoutdoors.tn\/wp-content\/uploads\/2026\/03\/Tire-a-larc-211x300.jpg 211w, http:\/\/gharelmelhoutdoors.tn\/wp-content\/uploads\/2026\/03\/Tire-a-larc-721x1024.jpg 721w, http:\/\/gharelmelhoutdoors.tn\/wp-content\/uploads\/2026\/03\/Tire-a-larc-768x1091.jpg 768w, http:\/\/gharelmelhoutdoors.tn\/wp-content\/uploads\/2026\/03\/Tire-a-larc-780x1108.jpg 780w, http:\/\/gharelmelhoutdoors.tn\/wp-content\/uploads\/2026\/03\/Tire-a-larc-600x852.jpg 600w, http:\/\/gharelmelhoutdoors.tn\/wp-content\/uploads\/2026\/03\/Tire-a-larc-370x525.jpg 370w, http:\/\/gharelmelhoutdoors.tn\/wp-content\/uploads\/2026\/03\/Tire-a-larc-255x362.jpg 255w, http:\/\/gharelmelhoutdoors.tn\/wp-content\/uploads\/2026\/03\/Tire-a-larc-106x150.jpg 106w, http:\/\/gharelmelhoutdoors.tn\/wp-content\/uploads\/2026\/03\/Tire-a-larc.jpg 800w\" sizes=\"(max-width: 550px) 100vw, 550px\" \/>\t\t                <\/div>                <div class=\"cs-cta-overlay\"><\/div>\n                <div class=\"cs-cta-content\">\t\t\t\t\t<div class=\"cs-subtitle-wrap\"><span class=\"cs-subtitle color-white\">Sport<\/span><\/div>\t\t            <h6 class=\"cs-cta-title cs-title\">\n\t\t                Tir \u00e0 l'arc\t\t            <\/h6>\t\t\t<\/div>            <\/div>\n        <\/div>\t\t\t\t<\/div>\n\t\t\t\t<\/div>\n\t\t\t\t\t<\/div>\n\t\t<\/div>\n\t\t\t\t\t<\/div>\n\t\t<\/section>\n\t\t\t\t<\/div>","protected":false},"excerpt":{"rendered":"<p>Que faire \u00e0 Ghar El Melh outdoors? Activit\u00e9s locales Un v\u00e9ritable terrain d\u2019aventure pour les amoureux de la nature. Randonn\u00e9es, tyrolienne, tir \u00e0 l\u2019arc, baignade, activit\u00e9s sportives et d\u00e9couverte des paysages naturels et des villages de Ghar El Melh. D\u00e9couverte Soir\u00e9e feu de camp sport Randonn\u00e9e Sport Tir \u00e0 l&rsquo;arc<\/p>","protected":false},"author":1,"featured_media":0,"parent":0,"menu_order":0,"comment_status":"closed","ping_status":"closed","template":"template-wide-content.php","meta":{"cozystay_single_page_hide_site_header":"","cozystay_single_page_site_header_source":"","cozystay_single_page_custom_site_header":"0","cozystay_single_page_custom_sticky_site_header":"0","cozystay_single_page_hide_page_title":"on","cozystay_single_page_header_section_size":"","cozystay_single_page_header_background_color":"","cozystay_single_page_header_background_position_x":"center","cozystay_single_page_header_background_position_y":"center","cozystay_single_page_header_background_size":"cover","cozystay_single_page_header_background_repeat":"off","cozystay_single_page_header_background_scroll":"on","cozystay_single_page_header_text_color":"","cozystay_single_page_header_show_breadcrumb":"","cozystay_single_page_site_footer_hide_main":"","cozystay_single_custom_site_footer_main_source":"","cozystay_single_custom_site_footer_main":"0","cozystay_single_page_site_footer_hide_above":"","cozystay_single_custom_site_footer_above_source":"","cozystay_single_custom_site_footer_above":"0","cozystay_single_page_site_footer_hide_instagram":"","cozystay_single_page_site_footer_hide_bottom":"","cozystay_single_custom_mobile_menu_source":"","cozystay_single_custom_mobile_menu":"0","cozystay_single_custom_mobile_menu_animation":"","cozystay_single_custom_mobile_menu_width":"","cozystay_single_custom_mobile_menu_custom_width":375,"footnotes":""},"class_list":["post-319","page","type-page","status-publish","hentry"],"yoast_head":"<!-- This site is optimized with the Yoast SEO plugin v27.3 - https:\/\/yoast.com\/product\/yoast-seo-wordpress\/ -->\n<title>Activit\u00e9s locales - Gharelmelh Outdoors<\/title>\n<meta name=\"robots\" content=\"index, follow, max-snippet:-1, max-image-preview:large, max-video-preview:-1\" \/>\n<link rel=\"canonical\" href=\"https:\/\/gharelmelhoutdoors.tn\/en\/local-activities\/\" \/>\n<meta property=\"og:locale\" content=\"en_US\" \/>\n<meta property=\"og:type\" content=\"article\" \/>\n<meta property=\"og:title\" content=\"Activit\u00e9s locales - Gharelmelh Outdoors\" \/>\n<meta property=\"og:description\" content=\"Que faire \u00e0 Ghar El Melh outdoors? Activit\u00e9s locales Un v\u00e9ritable terrain d\u2019aventure pour les amoureux de la nature. Randonn\u00e9es, tyrolienne, tir \u00e0 l\u2019arc, baignade, activit\u00e9s sportives et d\u00e9couverte des paysages naturels et des villages de Ghar El Melh. D\u00e9couverte Soir\u00e9e feu de camp sport Randonn\u00e9e Sport Tir \u00e0 l&rsquo;arc\" \/>\n<meta property=\"og:url\" content=\"https:\/\/gharelmelhoutdoors.tn\/en\/local-activities\/\" \/>\n<meta property=\"og:site_name\" content=\"Gharelmelh Outdoors\" \/>\n<meta property=\"article:modified_time\" content=\"2026-04-02T10:47:18+00:00\" \/>\n<meta property=\"og:image\" content=\"http:\/\/gharelmelhoutdoors.tn\/wp-content\/uploads\/2026\/03\/Design-sans-titre-6-550x781.jpg\" \/>\n<meta name=\"twitter:card\" content=\"summary_large_image\" \/>\n<meta name=\"twitter:label1\" content=\"Est. reading time\" \/>\n\t<meta name=\"twitter:data1\" content=\"1 minute\" \/>\n<script type=\"application\/ld+json\" class=\"yoast-schema-graph\">{\"@context\":\"https:\\\/\\\/schema.org\",\"@graph\":[{\"@type\":\"WebPage\",\"@id\":\"https:\\\/\\\/gharelmelhoutdoors.tn\\\/local-activities\\\/\",\"url\":\"https:\\\/\\\/gharelmelhoutdoors.tn\\\/local-activities\\\/\",\"name\":\"Activit\u00e9s locales - Gharelmelh Outdoors\",\"isPartOf\":{\"@id\":\"https:\\\/\\\/gharelmelhoutdoors.tn\\\/#website\"},\"primaryImageOfPage\":{\"@id\":\"https:\\\/\\\/gharelmelhoutdoors.tn\\\/local-activities\\\/#primaryimage\"},\"image\":{\"@id\":\"https:\\\/\\\/gharelmelhoutdoors.tn\\\/local-activities\\\/#primaryimage\"},\"thumbnailUrl\":\"http:\\\/\\\/gharelmelhoutdoors.tn\\\/wp-content\\\/uploads\\\/2026\\\/03\\\/Design-sans-titre-6-550x781.jpg\",\"datePublished\":\"2023-03-14T14:28:00+00:00\",\"dateModified\":\"2026-04-02T10:47:18+00:00\",\"breadcrumb\":{\"@id\":\"https:\\\/\\\/gharelmelhoutdoors.tn\\\/local-activities\\\/#breadcrumb\"},\"inLanguage\":\"en-US\",\"potentialAction\":[{\"@type\":\"ReadAction\",\"target\":[\"https:\\\/\\\/gharelmelhoutdoors.tn\\\/local-activities\\\/\"]}]},{\"@type\":\"ImageObject\",\"inLanguage\":\"en-US\",\"@id\":\"https:\\\/\\\/gharelmelhoutdoors.tn\\\/local-activities\\\/#primaryimage\",\"url\":\"http:\\\/\\\/gharelmelhoutdoors.tn\\\/wp-content\\\/uploads\\\/2026\\\/03\\\/Design-sans-titre-6-550x781.jpg\",\"contentUrl\":\"http:\\\/\\\/gharelmelhoutdoors.tn\\\/wp-content\\\/uploads\\\/2026\\\/03\\\/Design-sans-titre-6-550x781.jpg\"},{\"@type\":\"BreadcrumbList\",\"@id\":\"https:\\\/\\\/gharelmelhoutdoors.tn\\\/local-activities\\\/#breadcrumb\",\"itemListElement\":[{\"@type\":\"ListItem\",\"position\":1,\"name\":\"Home\",\"item\":\"https:\\\/\\\/gharelmelhoutdoors.tn\\\/\"},{\"@type\":\"ListItem\",\"position\":2,\"name\":\"Activit\u00e9s locales\"}]},{\"@type\":\"WebSite\",\"@id\":\"https:\\\/\\\/gharelmelhoutdoors.tn\\\/#website\",\"url\":\"https:\\\/\\\/gharelmelhoutdoors.tn\\\/\",\"name\":\"Gharelmelh Outdoors\",\"description\":\"Reconnectez-vous \u00e0 l\u2019essentiel\",\"publisher\":{\"@id\":\"https:\\\/\\\/gharelmelhoutdoors.tn\\\/#organization\"},\"potentialAction\":[{\"@type\":\"SearchAction\",\"target\":{\"@type\":\"EntryPoint\",\"urlTemplate\":\"https:\\\/\\\/gharelmelhoutdoors.tn\\\/?s={search_term_string}\"},\"query-input\":{\"@type\":\"PropertyValueSpecification\",\"valueRequired\":true,\"valueName\":\"search_term_string\"}}],\"inLanguage\":\"en-US\"},{\"@type\":\"Organization\",\"@id\":\"https:\\\/\\\/gharelmelhoutdoors.tn\\\/#organization\",\"name\":\"Gharelmelh Outdoors\",\"url\":\"https:\\\/\\\/gharelmelhoutdoors.tn\\\/\",\"logo\":{\"@type\":\"ImageObject\",\"inLanguage\":\"en-US\",\"@id\":\"https:\\\/\\\/gharelmelhoutdoors.tn\\\/#\\\/schema\\\/logo\\\/image\\\/\",\"url\":\"http:\\\/\\\/gharelmelhoutdoors.tn\\\/wp-content\\\/uploads\\\/2023\\\/03\\\/logo-3.png\",\"contentUrl\":\"http:\\\/\\\/gharelmelhoutdoors.tn\\\/wp-content\\\/uploads\\\/2023\\\/03\\\/logo-3.png\",\"width\":457,\"height\":91,\"caption\":\"Gharelmelh Outdoors\"},\"image\":{\"@id\":\"https:\\\/\\\/gharelmelhoutdoors.tn\\\/#\\\/schema\\\/logo\\\/image\\\/\"}}]}<\/script>\n<!-- \/ Yoast SEO plugin. -->","yoast_head_json":{"title":"Activit\u00e9s locales - Gharelmelh Outdoors","robots":{"index":"index","follow":"follow","max-snippet":"max-snippet:-1","max-image-preview":"max-image-preview:large","max-video-preview":"max-video-preview:-1"},"canonical":"https:\/\/gharelmelhoutdoors.tn\/en\/local-activities\/","og_locale":"en_US","og_type":"article","og_title":"Activit\u00e9s locales - Gharelmelh Outdoors","og_description":"Que faire \u00e0 Ghar El Melh outdoors? Activit\u00e9s locales Un v\u00e9ritable terrain d\u2019aventure pour les amoureux de la nature. Randonn\u00e9es, tyrolienne, tir \u00e0 l\u2019arc, baignade, activit\u00e9s sportives et d\u00e9couverte des paysages naturels et des villages de Ghar El Melh. D\u00e9couverte Soir\u00e9e feu de camp sport Randonn\u00e9e Sport Tir \u00e0 l&rsquo;arc","og_url":"https:\/\/gharelmelhoutdoors.tn\/en\/local-activities\/","og_site_name":"Gharelmelh Outdoors","article_modified_time":"2026-04-02T10:47:18+00:00","og_image":[{"url":"http:\/\/gharelmelhoutdoors.tn\/wp-content\/uploads\/2026\/03\/Design-sans-titre-6-550x781.jpg","type":"","width":"","height":""}],"twitter_card":"summary_large_image","twitter_misc":{"Est. reading time":"1 minute"},"schema":{"@context":"https:\/\/schema.org","@graph":[{"@type":"WebPage","@id":"https:\/\/gharelmelhoutdoors.tn\/local-activities\/","url":"https:\/\/gharelmelhoutdoors.tn\/local-activities\/","name":"Activit\u00e9s locales - Gharelmelh Outdoors","isPartOf":{"@id":"https:\/\/gharelmelhoutdoors.tn\/#website"},"primaryImageOfPage":{"@id":"https:\/\/gharelmelhoutdoors.tn\/local-activities\/#primaryimage"},"image":{"@id":"https:\/\/gharelmelhoutdoors.tn\/local-activities\/#primaryimage"},"thumbnailUrl":"http:\/\/gharelmelhoutdoors.tn\/wp-content\/uploads\/2026\/03\/Design-sans-titre-6-550x781.jpg","datePublished":"2023-03-14T14:28:00+00:00","dateModified":"2026-04-02T10:47:18+00:00","breadcrumb":{"@id":"https:\/\/gharelmelhoutdoors.tn\/local-activities\/#breadcrumb"},"inLanguage":"en-US","potentialAction":[{"@type":"ReadAction","target":["https:\/\/gharelmelhoutdoors.tn\/local-activities\/"]}]},{"@type":"ImageObject","inLanguage":"en-US","@id":"https:\/\/gharelmelhoutdoors.tn\/local-activities\/#primaryimage","url":"http:\/\/gharelmelhoutdoors.tn\/wp-content\/uploads\/2026\/03\/Design-sans-titre-6-550x781.jpg","contentUrl":"http:\/\/gharelmelhoutdoors.tn\/wp-content\/uploads\/2026\/03\/Design-sans-titre-6-550x781.jpg"},{"@type":"BreadcrumbList","@id":"https:\/\/gharelmelhoutdoors.tn\/local-activities\/#breadcrumb","itemListElement":[{"@type":"ListItem","position":1,"name":"Home","item":"https:\/\/gharelmelhoutdoors.tn\/"},{"@type":"ListItem","position":2,"name":"Activit\u00e9s locales"}]},{"@type":"WebSite","@id":"https:\/\/gharelmelhoutdoors.tn\/#website","url":"https:\/\/gharelmelhoutdoors.tn\/","name":"Gharelmelh Outdoors","description":"Reconnectez-vous \u00e0 l\u2019essentiel","publisher":{"@id":"https:\/\/gharelmelhoutdoors.tn\/#organization"},"potentialAction":[{"@type":"SearchAction","target":{"@type":"EntryPoint","urlTemplate":"https:\/\/gharelmelhoutdoors.tn\/?s={search_term_string}"},"query-input":{"@type":"PropertyValueSpecification","valueRequired":true,"valueName":"search_term_string"}}],"inLanguage":"en-US"},{"@type":"Organization","@id":"https:\/\/gharelmelhoutdoors.tn\/#organization","name":"Gharelmelh Outdoors","url":"https:\/\/gharelmelhoutdoors.tn\/","logo":{"@type":"ImageObject","inLanguage":"en-US","@id":"https:\/\/gharelmelhoutdoors.tn\/#\/schema\/logo\/image\/","url":"http:\/\/gharelmelhoutdoors.tn\/wp-content\/uploads\/2023\/03\/logo-3.png","contentUrl":"http:\/\/gharelmelhoutdoors.tn\/wp-content\/uploads\/2023\/03\/logo-3.png","width":457,"height":91,"caption":"Gharelmelh Outdoors"},"image":{"@id":"https:\/\/gharelmelhoutdoors.tn\/#\/schema\/logo\/image\/"}}]}},"_links":{"self":[{"href":"http:\/\/gharelmelhoutdoors.tn\/en\/wp-json\/wp\/v2\/pages\/319","targetHints":{"allow":["GET"]}}],"collection":[{"href":"http:\/\/gharelmelhoutdoors.tn\/en\/wp-json\/wp\/v2\/pages"}],"about":[{"href":"http:\/\/gharelmelhoutdoors.tn\/en\/wp-json\/wp\/v2\/types\/page"}],"author":[{"embeddable":true,"href":"http:\/\/gharelmelhoutdoors.tn\/en\/wp-json\/wp\/v2\/users\/1"}],"replies":[{"embeddable":true,"href":"http:\/\/gharelmelhoutdoors.tn\/en\/wp-json\/wp\/v2\/comments?post=319"}],"version-history":[{"count":26,"href":"http:\/\/gharelmelhoutdoors.tn\/en\/wp-json\/wp\/v2\/pages\/319\/revisions"}],"predecessor-version":[{"id":2855,"href":"http:\/\/gharelmelhoutdoors.tn\/en\/wp-json\/wp\/v2\/pages\/319\/revisions\/2855"}],"wp:attachment":[{"href":"http:\/\/gharelmelhoutdoors.tn\/en\/wp-json\/wp\/v2\/media?parent=319"}],"curies":[{"name":"wp","href":"https:\/\/api.w.org\/{rel}","templated":true}]}}