{"id":697,"date":"2023-03-18T07:10:54","date_gmt":"2023-03-18T07:10:54","guid":{"rendered":"https:\/\/cozystay.loftocean.com\/island-resort\/?page_id=697"},"modified":"2026-03-11T09:07:37","modified_gmt":"2026-03-11T09:07:37","slug":"contact","status":"publish","type":"page","link":"http:\/\/gharelmelhoutdoors.tn\/en\/contact\/","title":{"rendered":"Contact"},"content":{"rendered":"<div data-elementor-type=\"wp-page\" data-elementor-id=\"697\" class=\"elementor elementor-697\">\n\t\t\t\t\t\t<section class=\"elementor-section elementor-top-section elementor-element elementor-element-ca1656d elementor-section-height-min-height cs-section-content-fullwidth cs-parallax-on-scroll cs_scroll_y_100 elementor-section-boxed elementor-section-height-default elementor-section-items-middle\" data-id=\"ca1656d\" data-element_type=\"section\" data-e-type=\"section\" data-settings=\"{&quot;background_background&quot;:&quot;classic&quot;}\" data-cs-parallax-y=\"100\" style=\"background-image: none;\" data-cs-background-image=\"http:\/\/gharelmelhoutdoors.tn\/wp-content\/uploads\/2026\/03\/slide-nature-et-experience-.jpg\" data-cs-background-image-alt-text=\"\">\n\t\t\t\t\t\t\t<div class=\"elementor-background-overlay\"><\/div>\n\t\t\t\t\t\t\t<div class=\"elementor-container elementor-column-gap-no\">\n\t\t\t\t\t<div class=\"elementor-column elementor-col-100 elementor-top-column elementor-element elementor-element-6b2c1df dark-color\" data-id=\"6b2c1df\" data-element_type=\"column\" data-e-type=\"column\">\n\t\t\t<div class=\"elementor-widget-wrap elementor-element-populated\">\n\t\t\t\t\t\t<div class=\"elementor-element elementor-element-ed3f97e elementor-widget elementor-widget-cs_title\" data-id=\"ed3f97e\" data-element_type=\"widget\" data-e-type=\"widget\" data-widget_type=\"cs_title.default\">\n\t\t\t\t<div class=\"elementor-widget-container\">\n\t\t\t\t\t\n        <div class=\"cs-title-wrap text-center\">\t            <div class=\"cs-subtitle-wrap\"><span class=\"cs-subtitle color-white\">Contactez-nous<\/span><\/div>\t            <h1 class=\"cs-title\">\n\t                Nous sommes \u00e0 votre \u00e9coute\t            <\/h1>\t            <div class=\"cs-title-text\">\n\t                <p>Pour toute r\u00e9servation, information ou demande particuli\u00e8re, n\u2019h\u00e9sitez pas \u00e0 nous contacter par t\u00e9l\u00e9phone ou par message. Notre \u00e9quipe se fera un plaisir de vous r\u00e9pondre.<\/p>\t            <\/div>        <\/div>\t\t\t\t<\/div>\n\t\t\t\t<\/div>\n\t\t\t\t\t<\/div>\n\t\t<\/div>\n\t\t\t\t\t<\/div>\n\t\t<\/section>\n\t\t\t\t<section class=\"elementor-section elementor-top-section elementor-element elementor-element-ac9ba41 elementor-section-full_width elementor-section-content-middle elementor-section-height-default elementor-section-height-default\" data-id=\"ac9ba41\" data-element_type=\"section\" data-e-type=\"section\">\n\t\t\t\t\t\t<div class=\"elementor-container elementor-column-gap-no\">\n\t\t\t\t\t<div class=\"elementor-column elementor-col-50 elementor-top-column elementor-element elementor-element-a9f3bc2\" data-id=\"a9f3bc2\" data-element_type=\"column\" data-e-type=\"column\">\n\t\t\t<div class=\"elementor-widget-wrap elementor-element-populated\">\n\t\t\t\t\t\t<div class=\"elementor-element elementor-element-d6a0979 elementor-widget elementor-widget-cs_title\" data-id=\"d6a0979\" data-element_type=\"widget\" data-e-type=\"widget\" data-widget_type=\"cs_title.default\">\n\t\t\t\t<div class=\"elementor-widget-container\">\n\t\t\t\t\t\n        <div class=\"cs-title-wrap\">\t            <div class=\"cs-subtitle-wrap\"><span class=\"cs-subtitle\">Informations de contact<\/span><\/div>\t            <h5 class=\"cs-title\">\n\t                Gharelmelh Outdoors\t            <\/h5>\t            <div class=\"cs-title-text\">\n\t                <p><a class=\"x1i10hfl xjbqb8w x1ejq31n x18oe1m7 x1sy0etr xstzfhl x972fbf x10w94by x1qhh985 x14e42zd x9f619 x1ypdohk xt0psk2 x3ct3a4 xdj266r x14z9mp xat24cr x1lziwak xexx8yu xyri2b x18d9i69 x1c1uobl x16tdsg8 x1hl2dhg xggy1nq x1a2a7pz xkrqix3 x1sur9pj x1fey0fg x1s688f\" tabindex=\"0\" role=\"link\" href=\"https:\/\/maps.app.goo.gl\/ePzoVm4p4Xg6bT6A7\" target=\"_blank\" rel=\"nofollow noopener noreferrer\">bejou Ghar El Melh, Bizerte, Tunisia<\/a><\/p><p><strong>Phone Number:<\/strong> +216 52 377 955<br \/><strong>Email:<\/strong> <a href=\"mailto:gharelmelhoutdoors@gmail.com\">gharelmelhoutdoors@gmail.com<\/a><\/p>\t            <\/div>        <\/div>\t\t\t\t<\/div>\n\t\t\t\t<\/div>\n\t\t\t\t<div class=\"elementor-element elementor-element-27ae3a6 elementor-widget-divider--view-line elementor-widget elementor-widget-divider\" data-id=\"27ae3a6\" data-element_type=\"widget\" data-e-type=\"widget\" data-widget_type=\"divider.default\">\n\t\t\t\t\t\t\t<div class=\"elementor-divider\">\n\t\t\t<span class=\"elementor-divider-separator\">\n\t\t\t\t\t\t<\/span>\n\t\t<\/div>\n\t\t\t\t\t\t<\/div>\n\t\t\t\t<section class=\"elementor-section elementor-inner-section elementor-element elementor-element-06aaef6 elementor-hidden-desktop elementor-hidden-tablet elementor-hidden-mobile elementor-section-boxed elementor-section-height-default elementor-section-height-default\" data-id=\"06aaef6\" data-element_type=\"section\" data-e-type=\"section\">\n\t\t\t\t\t\t<div class=\"elementor-container elementor-column-gap-no\">\n\t\t\t\t\t<div class=\"elementor-column elementor-col-50 elementor-inner-column elementor-element elementor-element-c6d447a\" data-id=\"c6d447a\" data-element_type=\"column\" data-e-type=\"column\">\n\t\t\t<div class=\"elementor-widget-wrap elementor-element-populated\">\n\t\t\t\t\t\t<div class=\"elementor-element elementor-element-a679ad2 elementor-widget elementor-widget-cs_title\" data-id=\"a679ad2\" data-element_type=\"widget\" data-e-type=\"widget\" data-widget_type=\"cs_title.default\">\n\t\t\t\t<div class=\"elementor-widget-container\">\n\t\t\t\t\t\n        <div class=\"cs-title-wrap\">\t            <h6 class=\"cs-title\">\n\t                Accommodation\t            <\/h6>\t            <div class=\"cs-title-text\">\n\t                <p>Enquiries &amp; Bookings<br \/>Phone: + 679 345 7788<br \/>Email: stay@cozystay.com<\/p>\t            <\/div>        <\/div>\t\t\t\t<\/div>\n\t\t\t\t<\/div>\n\t\t\t\t<div class=\"elementor-element elementor-element-f74227d elementor-widget elementor-widget-cs_title\" data-id=\"f74227d\" data-element_type=\"widget\" data-e-type=\"widget\" data-widget_type=\"cs_title.default\">\n\t\t\t\t<div class=\"elementor-widget-container\">\n\t\t\t\t\t\n        <div class=\"cs-title-wrap\">\t            <h6 class=\"cs-title\">\n\t                Day Spa &amp; Gym\t            <\/h6>\t            <div class=\"cs-title-text\">\n\t                <p>Enquiries &amp; Bookings<br \/>Phone: + 679 345 6677<br \/>Email: wellness@cozystay.com<\/p>\t            <\/div>        <\/div>\t\t\t\t<\/div>\n\t\t\t\t<\/div>\n\t\t\t\t\t<\/div>\n\t\t<\/div>\n\t\t\t\t<div class=\"elementor-column elementor-col-50 elementor-inner-column elementor-element elementor-element-2c337b6\" data-id=\"2c337b6\" data-element_type=\"column\" data-e-type=\"column\">\n\t\t\t<div class=\"elementor-widget-wrap elementor-element-populated\">\n\t\t\t\t\t\t<div class=\"elementor-element elementor-element-4703206 elementor-widget elementor-widget-cs_title\" data-id=\"4703206\" data-element_type=\"widget\" data-e-type=\"widget\" data-widget_type=\"cs_title.default\">\n\t\t\t\t<div class=\"elementor-widget-container\">\n\t\t\t\t\t\n        <div class=\"cs-title-wrap\">\t            <h6 class=\"cs-title\">\n\t                Restaurants\t            <\/h6>\t            <div class=\"cs-title-text\">\n\t                <p>Enquiries &amp; Bookings<br \/>Phone: + 679 345 2255<br \/>Email: dine@cozystay.com<\/p>\t            <\/div>        <\/div>\t\t\t\t<\/div>\n\t\t\t\t<\/div>\n\t\t\t\t<div class=\"elementor-element elementor-element-a5b0845 elementor-widget elementor-widget-cs_title\" data-id=\"a5b0845\" data-element_type=\"widget\" data-e-type=\"widget\" data-widget_type=\"cs_title.default\">\n\t\t\t\t<div class=\"elementor-widget-container\">\n\t\t\t\t\t\n        <div class=\"cs-title-wrap\">\t            <h6 class=\"cs-title\">\n\t                Banquet &amp; Weddings\t            <\/h6>\t            <div class=\"cs-title-text\">\n\t                <p>Enquiries &amp; Bookings<br \/>Phone: + 679 334 2211<br \/>Email: events@cozystay.com<\/p>\t            <\/div>        <\/div>\t\t\t\t<\/div>\n\t\t\t\t<\/div>\n\t\t\t\t\t<\/div>\n\t\t<\/div>\n\t\t\t\t\t<\/div>\n\t\t<\/section>\n\t\t\t\t\t<\/div>\n\t\t<\/div>\n\t\t\t\t<div class=\"elementor-column elementor-col-50 elementor-top-column elementor-element elementor-element-a630739\" data-id=\"a630739\" data-element_type=\"column\" data-e-type=\"column\" data-settings=\"{&quot;background_background&quot;:&quot;classic&quot;}\">\n\t\t\t<div class=\"elementor-widget-wrap elementor-element-populated\">\n\t\t\t\t\t\t<section class=\"elementor-section elementor-inner-section elementor-element elementor-element-1165b93 elementor-section-boxed elementor-section-height-default elementor-section-height-default\" data-id=\"1165b93\" data-element_type=\"section\" data-e-type=\"section\" data-settings=\"{&quot;background_background&quot;:&quot;classic&quot;}\">\n\t\t\t\t\t\t<div class=\"elementor-container elementor-column-gap-no\">\n\t\t\t\t\t<div class=\"elementor-column elementor-col-100 elementor-inner-column elementor-element elementor-element-c8421f3\" data-id=\"c8421f3\" data-element_type=\"column\" data-e-type=\"column\">\n\t\t\t<div class=\"elementor-widget-wrap elementor-element-populated\">\n\t\t\t\t\t\t<div class=\"elementor-element elementor-element-ee636a2 elementor-widget elementor-widget-cs_title\" data-id=\"ee636a2\" data-element_type=\"widget\" data-e-type=\"widget\" data-widget_type=\"cs_title.default\">\n\t\t\t\t<div class=\"elementor-widget-container\">\n\t\t\t\t\t\n        <div class=\"cs-title-wrap text-center\">\t            <div class=\"cs-subtitle-wrap\"><span class=\"cs-subtitle\">NEWSLETTER<\/span><\/div>\t            <h5 class=\"cs-title\">\n\t                Restez inform\u00e9\t            <\/h5>        <\/div>\t\t\t\t<\/div>\n\t\t\t\t<\/div>\n\t\t\t\t<div class=\"elementor-element elementor-element-d1eca60 elementor-widget elementor-widget-cs_form_cf7\" data-id=\"d1eca60\" data-element_type=\"widget\" data-e-type=\"widget\" data-widget_type=\"cs_form_cf7.default\">\n\t\t\t\t<div class=\"elementor-widget-container\">\n\t\t\t\t\t            <div class=\"cs-form-cf7 placeholder-normal\">\n                <div class=\"cs-form-cf7-wrap\">\n<div class=\"wpcf7 no-js\" id=\"wpcf7-f2329-o1\" lang=\"en-US\" dir=\"ltr\" data-wpcf7-id=\"2329\">\n<div class=\"screen-reader-response\"><p role=\"status\" aria-live=\"polite\" aria-atomic=\"true\"><\/p> <ul><\/ul><\/div>\n<form action=\"\/en\/wp-json\/wp\/v2\/pages\/697#wpcf7-f2329-o1\" method=\"post\" class=\"wpcf7-form init\" aria-label=\"Contact form\" novalidate=\"novalidate\" data-status=\"init\" data-trp-original-action=\"\/en\/wp-json\/wp\/v2\/pages\/697#wpcf7-f2329-o1\">\n<fieldset class=\"hidden-fields-container\"><input type=\"hidden\" name=\"_wpcf7\" value=\"2329\" \/><input type=\"hidden\" name=\"_wpcf7_version\" value=\"6.1.5\" \/><input type=\"hidden\" name=\"_wpcf7_locale\" value=\"en_US\" \/><input type=\"hidden\" name=\"_wpcf7_unit_tag\" value=\"wpcf7-f2329-o1\" \/><input type=\"hidden\" name=\"_wpcf7_container_post\" value=\"0\" \/><input type=\"hidden\" name=\"_wpcf7_posted_data_hash\" value=\"\" \/>\n<\/fieldset>\n<p><label> Votre nom<br \/>\n<span class=\"wpcf7-form-control-wrap\" data-name=\"votre-nom\"><input size=\"40\" maxlength=\"400\" class=\"wpcf7-form-control wpcf7-text wpcf7-validates-as-required\" autocomplete=\"name\" aria-required=\"true\" aria-invalid=\"false\" value=\"\" type=\"text\" name=\"votre-nom\" \/><\/span> <\/label>\n<\/p>\n<p><label> Votre email<br \/>\n<span class=\"wpcf7-form-control-wrap\" data-name=\"votre-email\"><input size=\"40\" maxlength=\"400\" class=\"wpcf7-form-control wpcf7-email wpcf7-validates-as-required wpcf7-text wpcf7-validates-as-email\" autocomplete=\"email\" aria-required=\"true\" aria-invalid=\"false\" value=\"\" type=\"email\" name=\"votre-email\" \/><\/span> <\/label>\n<\/p>\n<p><input class=\"wpcf7-form-control wpcf7-submit has-spinner\" type=\"submit\" value=\"S&#039;inscrire\" \/>\n<\/p><div class=\"wpcf7-response-output\" aria-hidden=\"true\"><\/div>\n<input type=\"hidden\" name=\"trp-form-language\" value=\"en\"\/><\/form>\n<\/div>\n<\/div>\n            <\/div>\t\t\t\t<\/div>\n\t\t\t\t<\/div>\n\t\t\t\t\t<\/div>\n\t\t<\/div>\n\t\t\t\t\t<\/div>\n\t\t<\/section>\n\t\t\t\t\t<\/div>\n\t\t<\/div>\n\t\t\t\t\t<\/div>\n\t\t<\/section>\n\t\t\t\t<\/div>","protected":false},"excerpt":{"rendered":"<p>Contactez-nous Nous sommes \u00e0 votre \u00e9coute Pour toute r\u00e9servation, information ou demande particuli\u00e8re, n\u2019h\u00e9sitez pas \u00e0 nous contacter par t\u00e9l\u00e9phone ou par message. Notre \u00e9quipe se fera un plaisir de vous r\u00e9pondre. Informations de contact Gharelmelh Outdoors bejou Ghar El Melh, Bizerte, Tunisia Phone Number: +216 52 377 955Email: gharelmelhoutdoors@gmail.com Accommodation Enquiries &amp; BookingsPhone: + &#8230;<\/p>","protected":false},"author":1,"featured_media":0,"parent":0,"menu_order":0,"comment_status":"closed","ping_status":"closed","template":"template-wide-content.php","meta":{"cozystay_single_page_hide_site_header":"","cozystay_single_page_site_header_source":"","cozystay_single_page_custom_site_header":"0","cozystay_single_page_custom_sticky_site_header":"0","cozystay_single_page_hide_page_title":"on","cozystay_single_page_header_section_size":"","cozystay_single_page_header_background_color":"","cozystay_single_page_header_background_position_x":"center","cozystay_single_page_header_background_position_y":"center","cozystay_single_page_header_background_size":"cover","cozystay_single_page_header_background_repeat":"off","cozystay_single_page_header_background_scroll":"on","cozystay_single_page_header_text_color":"","cozystay_single_page_header_show_breadcrumb":"","cozystay_single_page_site_footer_hide_main":"","cozystay_single_custom_site_footer_main_source":"","cozystay_single_custom_site_footer_main":"0","cozystay_single_page_site_footer_hide_above":"","cozystay_single_custom_site_footer_above_source":"","cozystay_single_custom_site_footer_above":"0","cozystay_single_page_site_footer_hide_instagram":"","cozystay_single_page_site_footer_hide_bottom":"","cozystay_single_custom_mobile_menu_source":"","cozystay_single_custom_mobile_menu":"0","cozystay_single_custom_mobile_menu_animation":"","cozystay_single_custom_mobile_menu_width":"","cozystay_single_custom_mobile_menu_custom_width":375,"footnotes":""},"class_list":["post-697","page","type-page","status-publish","hentry"],"yoast_head":"<!-- This site is optimized with the Yoast SEO plugin v27.3 - https:\/\/yoast.com\/product\/yoast-seo-wordpress\/ -->\n<title>Contact - Gharelmelh Outdoors<\/title>\n<meta name=\"robots\" content=\"index, follow, max-snippet:-1, max-image-preview:large, max-video-preview:-1\" \/>\n<link rel=\"canonical\" href=\"https:\/\/gharelmelhoutdoors.tn\/en\/contact\/\" \/>\n<meta property=\"og:locale\" content=\"en_US\" \/>\n<meta property=\"og:type\" content=\"article\" \/>\n<meta property=\"og:title\" content=\"Contact - Gharelmelh Outdoors\" \/>\n<meta property=\"og:description\" content=\"Contactez-nous Nous sommes \u00e0 votre \u00e9coute Pour toute r\u00e9servation, information ou demande particuli\u00e8re, n\u2019h\u00e9sitez pas \u00e0 nous contacter par t\u00e9l\u00e9phone ou par message. Notre \u00e9quipe se fera un plaisir de vous r\u00e9pondre. Informations de contact Gharelmelh Outdoors bejou Ghar El Melh, Bizerte, Tunisia Phone Number: +216 52 377 955Email: gharelmelhoutdoors@gmail.com Accommodation Enquiries &amp; BookingsPhone: + ...\" \/>\n<meta property=\"og:url\" content=\"https:\/\/gharelmelhoutdoors.tn\/en\/contact\/\" \/>\n<meta property=\"og:site_name\" content=\"Gharelmelh Outdoors\" \/>\n<meta property=\"article:modified_time\" content=\"2026-03-11T09:07:37+00:00\" \/>\n<meta name=\"twitter:card\" content=\"summary_large_image\" \/>\n<meta name=\"twitter:label1\" content=\"Est. reading time\" \/>\n\t<meta name=\"twitter:data1\" content=\"1 minute\" \/>\n<script type=\"application\/ld+json\" class=\"yoast-schema-graph\">{\"@context\":\"https:\\\/\\\/schema.org\",\"@graph\":[{\"@type\":\"WebPage\",\"@id\":\"https:\\\/\\\/gharelmelhoutdoors.tn\\\/contact\\\/\",\"url\":\"https:\\\/\\\/gharelmelhoutdoors.tn\\\/contact\\\/\",\"name\":\"Contact - Gharelmelh Outdoors\",\"isPartOf\":{\"@id\":\"https:\\\/\\\/gharelmelhoutdoors.tn\\\/#website\"},\"datePublished\":\"2023-03-18T07:10:54+00:00\",\"dateModified\":\"2026-03-11T09:07:37+00:00\",\"breadcrumb\":{\"@id\":\"https:\\\/\\\/gharelmelhoutdoors.tn\\\/contact\\\/#breadcrumb\"},\"inLanguage\":\"en-US\",\"potentialAction\":[{\"@type\":\"ReadAction\",\"target\":[\"https:\\\/\\\/gharelmelhoutdoors.tn\\\/contact\\\/\"]}]},{\"@type\":\"BreadcrumbList\",\"@id\":\"https:\\\/\\\/gharelmelhoutdoors.tn\\\/contact\\\/#breadcrumb\",\"itemListElement\":[{\"@type\":\"ListItem\",\"position\":1,\"name\":\"Home\",\"item\":\"https:\\\/\\\/gharelmelhoutdoors.tn\\\/\"},{\"@type\":\"ListItem\",\"position\":2,\"name\":\"Contact\"}]},{\"@type\":\"WebSite\",\"@id\":\"https:\\\/\\\/gharelmelhoutdoors.tn\\\/#website\",\"url\":\"https:\\\/\\\/gharelmelhoutdoors.tn\\\/\",\"name\":\"Gharelmelh Outdoors\",\"description\":\"Reconnectez-vous \u00e0 l\u2019essentiel\",\"publisher\":{\"@id\":\"https:\\\/\\\/gharelmelhoutdoors.tn\\\/#organization\"},\"potentialAction\":[{\"@type\":\"SearchAction\",\"target\":{\"@type\":\"EntryPoint\",\"urlTemplate\":\"https:\\\/\\\/gharelmelhoutdoors.tn\\\/?s={search_term_string}\"},\"query-input\":{\"@type\":\"PropertyValueSpecification\",\"valueRequired\":true,\"valueName\":\"search_term_string\"}}],\"inLanguage\":\"en-US\"},{\"@type\":\"Organization\",\"@id\":\"https:\\\/\\\/gharelmelhoutdoors.tn\\\/#organization\",\"name\":\"Gharelmelh Outdoors\",\"url\":\"https:\\\/\\\/gharelmelhoutdoors.tn\\\/\",\"logo\":{\"@type\":\"ImageObject\",\"inLanguage\":\"en-US\",\"@id\":\"https:\\\/\\\/gharelmelhoutdoors.tn\\\/#\\\/schema\\\/logo\\\/image\\\/\",\"url\":\"http:\\\/\\\/gharelmelhoutdoors.tn\\\/wp-content\\\/uploads\\\/2023\\\/03\\\/logo-3.png\",\"contentUrl\":\"http:\\\/\\\/gharelmelhoutdoors.tn\\\/wp-content\\\/uploads\\\/2023\\\/03\\\/logo-3.png\",\"width\":457,\"height\":91,\"caption\":\"Gharelmelh Outdoors\"},\"image\":{\"@id\":\"https:\\\/\\\/gharelmelhoutdoors.tn\\\/#\\\/schema\\\/logo\\\/image\\\/\"}}]}<\/script>\n<!-- \/ Yoast SEO plugin. -->","yoast_head_json":{"title":"Contact - Gharelmelh Outdoors","robots":{"index":"index","follow":"follow","max-snippet":"max-snippet:-1","max-image-preview":"max-image-preview:large","max-video-preview":"max-video-preview:-1"},"canonical":"https:\/\/gharelmelhoutdoors.tn\/en\/contact\/","og_locale":"en_US","og_type":"article","og_title":"Contact - Gharelmelh Outdoors","og_description":"Contactez-nous Nous sommes \u00e0 votre \u00e9coute Pour toute r\u00e9servation, information ou demande particuli\u00e8re, n\u2019h\u00e9sitez pas \u00e0 nous contacter par t\u00e9l\u00e9phone ou par message. Notre \u00e9quipe se fera un plaisir de vous r\u00e9pondre. Informations de contact Gharelmelh Outdoors bejou Ghar El Melh, Bizerte, Tunisia Phone Number: +216 52 377 955Email: gharelmelhoutdoors@gmail.com Accommodation Enquiries &amp; BookingsPhone: + ...","og_url":"https:\/\/gharelmelhoutdoors.tn\/en\/contact\/","og_site_name":"Gharelmelh Outdoors","article_modified_time":"2026-03-11T09:07:37+00:00","twitter_card":"summary_large_image","twitter_misc":{"Est. reading time":"1 minute"},"schema":{"@context":"https:\/\/schema.org","@graph":[{"@type":"WebPage","@id":"https:\/\/gharelmelhoutdoors.tn\/contact\/","url":"https:\/\/gharelmelhoutdoors.tn\/contact\/","name":"Contact - Gharelmelh Outdoors","isPartOf":{"@id":"https:\/\/gharelmelhoutdoors.tn\/#website"},"datePublished":"2023-03-18T07:10:54+00:00","dateModified":"2026-03-11T09:07:37+00:00","breadcrumb":{"@id":"https:\/\/gharelmelhoutdoors.tn\/contact\/#breadcrumb"},"inLanguage":"en-US","potentialAction":[{"@type":"ReadAction","target":["https:\/\/gharelmelhoutdoors.tn\/contact\/"]}]},{"@type":"BreadcrumbList","@id":"https:\/\/gharelmelhoutdoors.tn\/contact\/#breadcrumb","itemListElement":[{"@type":"ListItem","position":1,"name":"Home","item":"https:\/\/gharelmelhoutdoors.tn\/"},{"@type":"ListItem","position":2,"name":"Contact"}]},{"@type":"WebSite","@id":"https:\/\/gharelmelhoutdoors.tn\/#website","url":"https:\/\/gharelmelhoutdoors.tn\/","name":"Gharelmelh Outdoors","description":"Reconnectez-vous \u00e0 l\u2019essentiel","publisher":{"@id":"https:\/\/gharelmelhoutdoors.tn\/#organization"},"potentialAction":[{"@type":"SearchAction","target":{"@type":"EntryPoint","urlTemplate":"https:\/\/gharelmelhoutdoors.tn\/?s={search_term_string}"},"query-input":{"@type":"PropertyValueSpecification","valueRequired":true,"valueName":"search_term_string"}}],"inLanguage":"en-US"},{"@type":"Organization","@id":"https:\/\/gharelmelhoutdoors.tn\/#organization","name":"Gharelmelh Outdoors","url":"https:\/\/gharelmelhoutdoors.tn\/","logo":{"@type":"ImageObject","inLanguage":"en-US","@id":"https:\/\/gharelmelhoutdoors.tn\/#\/schema\/logo\/image\/","url":"http:\/\/gharelmelhoutdoors.tn\/wp-content\/uploads\/2023\/03\/logo-3.png","contentUrl":"http:\/\/gharelmelhoutdoors.tn\/wp-content\/uploads\/2023\/03\/logo-3.png","width":457,"height":91,"caption":"Gharelmelh Outdoors"},"image":{"@id":"https:\/\/gharelmelhoutdoors.tn\/#\/schema\/logo\/image\/"}}]}},"_links":{"self":[{"href":"http:\/\/gharelmelhoutdoors.tn\/en\/wp-json\/wp\/v2\/pages\/697","targetHints":{"allow":["GET"]}}],"collection":[{"href":"http:\/\/gharelmelhoutdoors.tn\/en\/wp-json\/wp\/v2\/pages"}],"about":[{"href":"http:\/\/gharelmelhoutdoors.tn\/en\/wp-json\/wp\/v2\/types\/page"}],"author":[{"embeddable":true,"href":"http:\/\/gharelmelhoutdoors.tn\/en\/wp-json\/wp\/v2\/users\/1"}],"replies":[{"embeddable":true,"href":"http:\/\/gharelmelhoutdoors.tn\/en\/wp-json\/wp\/v2\/comments?post=697"}],"version-history":[{"count":18,"href":"http:\/\/gharelmelhoutdoors.tn\/en\/wp-json\/wp\/v2\/pages\/697\/revisions"}],"predecessor-version":[{"id":2685,"href":"http:\/\/gharelmelhoutdoors.tn\/en\/wp-json\/wp\/v2\/pages\/697\/revisions\/2685"}],"wp:attachment":[{"href":"http:\/\/gharelmelhoutdoors.tn\/en\/wp-json\/wp\/v2\/media?parent=697"}],"curies":[{"name":"wp","href":"https:\/\/api.w.org\/{rel}","templated":true}]}}